{"id":2149,"date":"2022-06-16T15:29:46","date_gmt":"2022-06-16T15:29:46","guid":{"rendered":"http:\/\/wp.boyquel.com\/politica-de-privacidad\/"},"modified":"2022-09-30T07:54:16","modified_gmt":"2022-09-30T07:54:16","slug":"politica-de-privacidad","status":"publish","type":"page","link":"https:\/\/www.boyquel.com\/en\/politica-de-privacidad\/","title":{"rendered":"Pol\u00edtica de privacidad"},"content":{"rendered":"\t\t<div data-elementor-type=\"wp-page\" data-elementor-id=\"2149\" class=\"elementor elementor-2149 elementor-3\">\n\t\t\t\t\t\t<section class=\"elementor-section elementor-top-section elementor-element elementor-element-7900c5e7 elementor-section-boxed elementor-section-height-default elementor-section-height-default parallax_section_no qode_elementor_container_no\" data-id=\"7900c5e7\" data-element_type=\"section\">\n\t\t\t\t\t\t<div class=\"elementor-container elementor-column-gap-default\">\n\t\t\t\t\t<div class=\"elementor-column elementor-col-100 elementor-top-column elementor-element elementor-element-3a8db1a2\" data-id=\"3a8db1a2\" data-element_type=\"column\">\n\t\t\t<div class=\"elementor-widget-wrap elementor-element-populated\">\n\t\t\t\t\t\t<div class=\"elementor-element elementor-element-1481b1e6 elementor-widget elementor-widget-text-editor\" data-id=\"1481b1e6\" data-element_type=\"widget\" data-widget_type=\"text-editor.default\">\n\t\t\t\t<div class=\"elementor-widget-container\">\n\t\t\t\t\t\t\t\t\t<h5><b>TITULARIDAD O RESPONSABILIDAD DEL TRATAMIENTO<\/b><\/h5>\n<p class=\"politica\">En cumplimiento del Reglamento (UE) 2016\/ 679 del Parlamento Europeo y del Consejo, de 27 de abril de 2016 (en adelante RGPD) le informamos que los datos personales comunicados a CCO DE ESPA\u00d1A S.L. ser\u00e1n incorporados a una Base de Datos com\u00fan de informaci\u00f3n titularidad de la misma.<\/p>\n<h5><b>CONTACTO<\/b><\/h5>\n<p class=\"politica\">Para cualquier asunto relacionado con el tratamiento de datos de personas f\u00edsicas por parte de CCO DE ESPA\u00d1A S.L. podr\u00e1 dirigirse a la direcci\u00f3n de correo electr\u00f3nico <a>protecciondedatos@boyquel.com<\/a>, o bien podr\u00e1 tambi\u00e9n dirigirse a nuestro Delegado de Protecci\u00f3n de Datos a trav\u00e9s de la siguiente direcci\u00f3n de correo electr\u00f3nico <a>boyquel@boyquel.com.<\/a><\/p>\n<h5><b>DATOS RECABADOS, FINALIDAD, LEGITIMIDAD Y PLAZO DE CONSERVACI\u00d3N.<\/b><\/h5>\n<p class=\"politica\">CCO DE ESPA\u00d1A S.L. recabar\u00e1 los siguientes datos aportados por el interesado:<\/p>\n<ul>\n<li style=\"list-style-type: none;\">\n<ul>\n<li><b>CONTACTO COMERCIAL:<\/b> atenci\u00f3n de consultas y solicitudes de contacto recibidas por cualquier medio, as\u00ed como el mantenimiento de relaciones comerciales relacionadas con los servicios de CCO DE ESPA\u00d1A S.L.:\n<ul>\n<li style=\"list-style-type: none;\">\n<ul>\n<li><b>Datos recabados:<\/b> Nombre, tel\u00e9fono, email y consulta.<\/li>\n<\/ul>\n<\/li>\n<\/ul>\n<ul>\n<li style=\"list-style-type: none;\">\n<ul>\n<li><b>Finalidad:<\/b> Contestar a las solicitudes de informaci\u00f3n que el interesado haya realizado por cualquier medio sobre los productos y servicios de CCO DE ESPA\u00d1A S.L., y establecer y mantener relaciones comerciales.<\/li>\n<\/ul>\n<\/li>\n<\/ul>\n<ul>\n<li style=\"list-style-type: none;\">\n<ul>\n<li><b>Legitimaci\u00f3n:<\/b> En base a la prestaci\u00f3n del consentimiento a CCO DE ESPA\u00d1A S.L. est\u00e1 legitimado para tratar los datos del interesado facilitado a trav\u00e9s de la solicitud de contacto, y conforme al inter\u00e9s leg\u00edtimo para el desarrollo y mantenimiento de relaciones comerciales.<\/li>\n<\/ul>\n<\/li>\n<\/ul>\n<ul>\n<li style=\"list-style-type: none;\">\n<ul>\n<li><b>Plazos de conservaci\u00f3n:<\/b> los datos se conservar\u00e1n hasta el momento en que el interesado solicite la baja o supresi\u00f3n de sus datos y una vez suprimidos se conservar\u00e1n por un periodo m\u00e1ximo de 6 a\u00f1os a disposici\u00f3n la administraci\u00f3n p\u00fablica, jueces y tribunales, para la atenci\u00f3n y defensa de las posibles responsabilidades nacidas del tratamiento.<\/li>\n<\/ul>\n<\/li>\n<\/ul>\n<\/li>\n<li><b>PROMOCIONAL o NEWSLETTERS:<\/b> la remisi\u00f3n de informaci\u00f3n, novedades, avisos, recordatorios y promociones que pudieran ser de su inter\u00e9s, relacionadas con las actividades de CCO DE ESPA\u00d1A S.L..\n<ul>\n<li style=\"list-style-type: none;\">\n<ul>\n<li><b>Datos recabados:<\/b> direcci\u00f3n de correo electr\u00f3nico, nombre y apellidos.<\/li>\n<\/ul>\n<\/li>\n<\/ul>\n<ul>\n<li style=\"list-style-type: none;\">\n<ul>\n<li><b>Finalidad:<\/b> el registro de los interesados para la remisi\u00f3n de informaci\u00f3n, novedades y promociones, y establecer y mantener relaciones comerciales.<\/li>\n<\/ul>\n<\/li>\n<\/ul>\n<ul>\n<li style=\"list-style-type: none;\">\n<ul>\n<li><b>Legitimaci\u00f3n:<\/b> prestaci\u00f3n del consentimiento del interesado a CCO DE ESPA\u00d1A S.L. para el alta en servicios promocionales, y el inter\u00e9s leg\u00edtimo para el desarrollo de relaciones comerciales.<\/li>\n<\/ul>\n<\/li>\n<\/ul>\n<ul>\n<li style=\"list-style-type: none;\">\n<ul>\n<li><b>Plazos de conservaci\u00f3n: <\/b>los datos se conservar\u00e1n hasta el momento en que el interesado solicite la baja o supresi\u00f3n de sus datos y una vez suprimidos se conservar\u00e1n por un periodo m\u00e1ximo de 6 a\u00f1os a disposici\u00f3n la administraci\u00f3n p\u00fablica, jueces y tribunales, para la atenci\u00f3n y defensa de las posibles responsabilidades nacidas del tratamiento.<\/li>\n<\/ul>\n<\/li>\n<\/ul>\n<\/li>\n<li><b>CURRICULUM O EMPLEO:<\/b> env\u00edo del Curriculum a trav\u00e9s de la web o a trav\u00e9s de cualquier medio a CCO DE ESPA\u00d1A S.L.\n<ul>\n<li style=\"list-style-type: none;\">\n<ul>\n<li><b>Datos recabados:<\/b> \u00e1rea profesional, nombre, apellidos, tel\u00e9fono, e-mail, CV, carta de presentaci\u00f3n y cualquier otro dato personal asociado al Curriculum o perfil profesional.<\/li>\n<\/ul>\n<\/li>\n<\/ul>\n<ul>\n<li style=\"list-style-type: none;\">\n<ul>\n<li><b>Finalidad:<\/b> gesti\u00f3n de la candidatura del interesado a los procesos de selecci\u00f3n publicados o a otros puestos vacantes acordes a su perfil profesional que puedan surgir a futuro dentro de las actividades de CCO DE ESPA\u00d1A S.L.<\/li>\n<\/ul>\n<\/li>\n<\/ul>\n<ul>\n<li style=\"list-style-type: none;\">\n<ul>\n<li><b>Plazos de conservaci\u00f3n:<\/b> los datos se conservar\u00e1n hasta que se le adjudique un puesto de trabajo o hasta que nos solicite la supresi\u00f3n de los mismos. Se conservar\u00e1n por tanto durante el tiempo necesario para la finalidad del tratamiento, y una vez finalizada se podr\u00e1n conservar por un periodo de seis a\u00f1os a disposici\u00f3n la administraci\u00f3n p\u00fablica, jueces y tribunales, para la atenci\u00f3n y defensa de las posibles responsabilidades nacidas del tratamiento.<\/li>\n<\/ul>\n<\/li>\n<\/ul>\n<ul>\n<li style=\"list-style-type: none;\">\n<ul>\n<li><b>Legitimaci\u00f3n:<\/b> prestaci\u00f3n del consentimiento del interesado.<\/li>\n<\/ul>\n<\/li>\n<\/ul>\n<ul>\n<li><b>Destinatarios:<\/b> los datos facilitados y derivados del proceso de selecci\u00f3n podr\u00e1n ser cedidos a:\n<ul>\n<li>&#8211; Terceras empresas identificadas por el interesado para solicitud de referencias que pudieran ser necesarias para la selecci\u00f3n del candidato.<\/li>\n<\/ul>\n<\/li>\n<\/ul>\n<\/li>\n<li><b>SERVICIOS:<\/b> Datos facilitados para la prestaci\u00f3n de servicios de CCO DE ESPA\u00d1A S.L.. Los servicios se identificar\u00e1n en el momento de la recogida del dato y registro del mismo.\n<ul>\n<li style=\"list-style-type: none;\">\n<ul>\n<li><b>Datos recabados:<\/b> Nombre Apellidos, NIF, direcci\u00f3n de contacto, domicilio, correo electr\u00f3nico, tel\u00e9fono de contacto, y dem\u00e1s datos necesarios seg\u00fan el registro solicitado, y que ser\u00e1 exclusivamente necesarios para el registro en los servicios de CCO DE ESPA\u00d1A S.L..<\/li>\n<\/ul>\n<\/li>\n<\/ul>\n<ul>\n<li style=\"list-style-type: none;\">\n<ul>\n<li><b>Finalidad:<\/b> el registro de los interesados para la prestaci\u00f3n de servicios CCO DE ESPA\u00d1A S.L., y establecer y mantener relaciones comerciales.<\/li>\n<\/ul>\n<\/li>\n<\/ul>\n<ul>\n<li style=\"list-style-type: none;\">\n<ul>\n<li><b>Legitimaci\u00f3n:<\/b> la relaci\u00f3n jur\u00eddica o ejecuci\u00f3n del servicio por CCO DE ESPA\u00d1A S.L. para los servicios indicados y el inter\u00e9s leg\u00edtimo para el desarrollo de relaciones comerciales.<\/li>\n<\/ul>\n<\/li>\n<\/ul>\n<ul>\n<li style=\"list-style-type: none;\">\n<ul>\n<li><b>Plazos de conservaci\u00f3n: <\/b>los datos se conservar\u00e1n durante el tiempo necesario para la finalidad del tratamiento o hasta el momento en que el interesado solicite la baja o supresi\u00f3n de los mismos, y una vez suprimidos los mismos se podr\u00e1n conservar por un periodo de seis a\u00f1os a disposici\u00f3n la administraci\u00f3n p\u00fablica, jueces y tribunales, para la atenci\u00f3n y defensa de las posibles responsabilidades nacidas del tratamiento.<\/li>\n<\/ul>\n<\/li>\n<\/ul>\n<\/li>\n<li><b>Alta y Seguimiento cuentas Corporativas de Redes Sociales web:<\/b> los datos personales que facilita o habilita a las redes sociales al convertirse en seguidor de las mismas. Las cuentas corporativas de las redes sociales de CCO DE ESPA\u00d1A S.L. son las siguientes:\n<ul>\n<li style=\"list-style-type: none;\">\n<ul>\n<li><b>LINKEDIN:<\/b> <a href=\"https:\/\/linkedin.com\/boyquel\">https:\/\/linkedin.com\/boyquel<\/a><\/li>\n<li><b>INSTAGRAM:<\/b> <a href=\"https:\/\/instagram.com\/boyquel\">https:\/\/instagram.com\/boyquel<\/a><\/li>\n<\/ul>\n<\/li>\n<\/ul>\n<ul>\n<li style=\"list-style-type: none;\">\n<ul>\n<li><b>FACEBOOK:<\/b> <a href=\"https:\/\/www.facebook.com\/boyquel\/\">https:\/\/www.facebook.com\/boyquel\/<\/a><\/li>\n<\/ul>\n<\/li>\n<\/ul>\n<ul>\n<li style=\"list-style-type: none;\">\n<ul>\n<li><b>Datos recabados:<\/b> Nombre Apellidos, NIF, direcci\u00f3n de contacto, domicilio, correo electr\u00f3nico, tel\u00e9fono de contacto, y de m\u00e1s datos facilitados por la correspondiente red social.<\/li>\n<\/ul>\n<\/li>\n<\/ul>\n<ul>\n<li style=\"list-style-type: none;\">\n<ul>\n<li><b>Finalidad:<\/b> seguimiento red social, y mantenimiento y desarrollo de relaciones comerciales.<\/li>\n<\/ul>\n<\/li>\n<\/ul>\n<ul>\n<li style=\"list-style-type: none;\">\n<ul>\n<li><b>Legitimaci\u00f3n: <\/b>prestaci\u00f3n del consentimiento del interesado a CCO DE ESPA\u00d1A S.L., y conforme al inter\u00e9s leg\u00edtimo para el desarrollo de relaciones comerciales.<\/li>\n<\/ul>\n<\/li>\n<\/ul>\n<br>\n<ul>\n<li><b>Plazos de conservaci\u00f3n:<\/b> los datos se conservar\u00e1n durante el tiempo necesario para la finalidad del tratamiento, y una vez finalizada la misma se podr\u00e1n conservar por un periodo de seis a\u00f1os a disposici\u00f3n la administraci\u00f3n p\u00fablica, jueces y tribunales, para la atenci\u00f3n y defensa de las posibles responsabilidades nacidas del tratamiento.<\/li>\n<\/ul>\n<\/li>\n<li><b>CLIENTES\/PROVEEDORES:<\/b> Datos personales profesionales facilitados por Clientes\/Proveedores para la prestaci\u00f3n de servicios y gesti\u00f3n de la relaci\u00f3n jur\u00eddica o contractual por parte de CCO DE ESPA\u00d1A S.L.:\n<ul>\n<li style=\"list-style-type: none;\">\n<ul>\n<li><b>Datos recabados:<\/b> Nombre Apellidos, DNI, direcci\u00f3n profesional de contacto, correo electr\u00f3nico, tel\u00e9fono profesional de contacto.<\/li>\n<\/ul>\n<\/li>\n<\/ul>\n<ul>\n<li style=\"list-style-type: none;\">\n<ul>\n<li><b>Finalidad:<\/b> la gesti\u00f3n de la relaci\u00f3n contractual del servicio.<\/li>\n<\/ul>\n<\/li>\n<\/ul>\n<ul>\n<li style=\"list-style-type: none;\">\n<ul>\n<li><b>Legitimaci\u00f3n:<\/b> la relaci\u00f3n jur\u00eddica o contractual existente necesaria par la prestaci\u00f3n del servicio.<\/li>\n<\/ul>\n<\/li>\n<\/ul>\n<ul>\n<li style=\"list-style-type: none;\">\n<ul>\n<li><b>Plazos de conservaci\u00f3n: <\/b>los datos se conservar\u00e1n durante el tiempo necesario para la finalidad del tratamiento o supresi\u00f3n de los mismos, y una vez finalizada o suprimida se podr\u00e1n conservar por un periodo de seis a\u00f1os a disposici\u00f3n la administraci\u00f3n p\u00fablica, jueces y tribunales, para la atenci\u00f3n y defensa de las posibles responsabilidades nacidas del tratamiento.<\/li>\n<\/ul>\n<\/li>\n<\/ul>\n<\/li>\n<li><b>CONTROL DE ACCESO Y SEGURIDAD:<\/b> Datos recabados por c\u00e1maras de Videovigilancia o facilitados para el control de acceso a los edificios de CCO DE ESPA\u00d1A S.L.que cuenten con c\u00e1maras de videovigilancia:\n<ul>\n<li style=\"list-style-type: none;\">\n<ul>\n<li><b>Datos recabados:<\/b> Nombre Apellidos, DNI, e im\u00e1genes.<\/li>\n<\/ul>\n<\/li>\n<\/ul>\n<ul>\n<li style=\"list-style-type: none;\">\n<ul>\n<li><b>Finalidad:<\/b> controlar el acceso y la gesti\u00f3n de la seguridad interna de las instalaciones de CCO DE ESPA\u00d1A S.L.<\/li>\n<\/ul>\n<\/li>\n<\/ul>\n<ul>\n<li style=\"list-style-type: none;\">\n<ul>\n<li><b>Legitimaci\u00f3n:<\/b> inter\u00e9s leg\u00edtimo en garantizar la seguridad en las instalaciones por parte de su titular, lo que justifica el registro de datos en el control de acceso, y que las im\u00e1genes sean captadas necesariamente al acceder a estas instalaciones<\/li>\n<\/ul>\n<\/li>\n<\/ul>\n<ul>\n<li><b>Plazos de conservaci\u00f3n:<\/b> Los datos ser\u00e1n conservados durante un periodo m\u00e1ximo de un mes, salvo que fuese necesario conservarlos durante m\u00e1s tiempo por ser conveniente para esclarecer alguna infracci\u00f3n o hecho il\u00edcito detectado.<\/li>\n<\/ul>\n<\/li>\n<\/ul>\n<\/li>\n<\/ul>\n<p class=\"politica\">El interesado conoce y expresamente acepta que la aceptaci\u00f3n de alguna de las finalidades anteriormente indicadas supone la incorporaci\u00f3n de sus datos en la Bases de Datos com\u00fan de CCO DE ESPA\u00d1A S.L., y la cesi\u00f3n de sus datos de car\u00e1cter personal, pudiendo ser utilizados por todas ellas con las finalidades anteriormente indicadas. Dicha cesi\u00f3n se produce con las mismas finalidades de tratamiento, iguales categor\u00edas de datos, mismo plazo de conservaci\u00f3n, y similar ejercicio de derechos similar a lo que se describe en este documento. Podr\u00e1 en cualquier momento oponerse a dicha cesi\u00f3n por correo postal a la direcci\u00f3n postal indicada deCCO DE ESPA\u00d1A S.L. o v\u00eda correo electr\u00f3nico a la direcci\u00f3n <a>protecciondedatos@europaletsgroup.com<\/a>.<\/p>\n<p class=\"politica\">Salvo la cesiones indicadas anteriormente no se prev\u00e9 la cesi\u00f3n o comunicaci\u00f3n de datos a terceros, salvo las prestaciones de servicios de terceros como encargados de tratamiento con los que CCO DE ESPA\u00d1A S.L. ha firmado los correspondientes contratos de Encargado de Tratamiento y verificado que los mismos re\u00fanen las garant\u00edas suficientes para aplicar medidas t\u00e9cnicas y organizativas apropiadas, de tal manera que el tratamiento se realiza conforme a los requisitos del RGPD garantizando la protecci\u00f3n de los derechos del interesado.<\/p>\n<h5><b>EJERCICIO DE DERECHOS<\/b><\/h5>\n<p class=\"politica\">El interesado tiene reconocidos sus derechos a acceso, rectificaci\u00f3n, supresi\u00f3n, limitaci\u00f3n, oposici\u00f3n y portabilidad de sus datos responsabilidad de CCO DE ESPA\u00d1A S.L.. Mientras exista la finalidad del tratamiento de datos o no haya suprimido expresamente sus datos personales de nuestra Bases e Datos com\u00fan, seguiremos tratando sus datos ya que son necesarios para el tratamiento y contin\u00faa interesado en formar parte de los mismos. En cualquier momento el interesado podr\u00e1 ejercitar sus derechos mediante la remisi\u00f3n de una comunicaci\u00f3n postal a CCO DE ESPA\u00d1A S.L. en el domicilio m\u00e1s arriba indicado o v\u00eda correo electr\u00f3nico a la direcci\u00f3n <a>protecciondedatos@boyquel.com<\/a>, adjuntando un documento que acredite su identidad e indicando expresamente el derecho que desea ejercitar.<\/p>\n<p class=\"politica\">El interesado est\u00e1 amparado por el derecho a retirar su consentimiento para el tratamiento por CCO DE ESPA\u00d1A S.L.. Asimismo, le asiste el derecho a dirigir sus reclamaciones derivadas del tratamiento de sus datos de car\u00e1cter personal ante la Agencia Espa\u00f1ola de Protecci\u00f3n de Datos (www.agpd.es)<\/p>\n<h5><b>MEDIDAS DE SEGURIDAD T\u00c9CNICAS Y ORGANIZATIVAS<\/b><\/h5>\n<p class=\"politica\">CCO DE ESPA\u00d1A S.L. ha adoptado las medidas t\u00e9cnicas y organizativas necesarias para garantizar la seguridad e integridad de los datos, as\u00ed como para evitar su alteraci\u00f3n, perdida, tratamiento o acceso no autorizado.<\/p>\n<h5><b>DATOS FACILITADOS<\/b><\/h5>\n<p class=\"politica\">Los datos que se soliciten en los diferentes formularios de la P\u00e1gina Web o facilitados por el interesado por otro medio son los estrictamente necesarios para atender a su solicitud, los cuales el interesado comunica voluntariamente. La negativa a proporcionar los datos calificados como obligatorios supondr\u00e1 la no prestaci\u00f3n o la imposibilidad de acceder al servicio para los que eran solicitados. Con el fin de mantener sus datos personales actualizados, debe informarnos de cualquier cambio que se produzca respecto ellos, en caso contrario, no respondemos de su veracidad. Igualmente, en aquellos supuestos en los que se facilite datos de terceros, el interesado se compromete a informarles del contenido de la presente pol\u00edtica de privacidad.<\/p>\n<p class=\"politica\">El interesado se compromete a comunicar a la mayor brevedad posible a facilitar a CCO DE ESPA\u00d1A S.L. cualquier modificaci\u00f3n y rectificaci\u00f3n de sus datos de car\u00e1cter personal a los efectos de que la informaci\u00f3n contenida en los Registros de Actividad de CCO DE ESPA\u00d1A S.L. est\u00e9n en todo momento actualizada.<\/p>\n<p class=\"politica\">En base al inter\u00e9s leg\u00edtimo de CCO DE ESPA\u00d1A S.L. los datos personales del interesado podr\u00e1n ser utilizados para el establecimiento o mantenimiento de relaciones comerciales por cualquier v\u00eda incluida la v\u00eda electr\u00f3nica para informarle sobre productos y servicios ofrecidos por estas \u00faltimas, pudiendo en cualquier momento oponerse a dicho tratamiento con finalidad comercial mediante la remisi\u00f3n de una comunicaci\u00f3n postal a la direcci\u00f3n arriba indicada, o v\u00eda correo electr\u00f3nico a la direcci\u00f3n <a>protecciondedatos@boyquel.com<\/a>.<\/p>\t\t\t\t\t\t\t\t<\/div>\n\t\t\t\t<\/div>\n\t\t\t\t\t<\/div>\n\t\t<\/div>\n\t\t\t\t\t<\/div>\n\t\t<\/section>\n\t\t\t\t<\/div>\n\t\t","protected":false},"excerpt":{"rendered":"<p>TITULARIDAD O RESPONSABILIDAD DEL TRATAMIENTO En cumplimiento del Reglamento (UE) 2016\/ 679 del Parlamento Europeo y del Consejo, de 27 de abril de 2016 (en adelante RGPD) le informamos que los datos personales comunicados a CCO DE ESPA\u00d1A S.L. ser\u00e1n incorporados a una Base de&#8230;<\/p>\n","protected":false},"author":1,"featured_media":0,"parent":0,"menu_order":0,"comment_status":"closed","ping_status":"open","template":"","meta":{"footnotes":""},"class_list":["post-2149","page","type-page","status-publish","hentry"],"_links":{"self":[{"href":"https:\/\/www.boyquel.com\/en\/wp-json\/wp\/v2\/pages\/2149","targetHints":{"allow":["GET"]}}],"collection":[{"href":"https:\/\/www.boyquel.com\/en\/wp-json\/wp\/v2\/pages"}],"about":[{"href":"https:\/\/www.boyquel.com\/en\/wp-json\/wp\/v2\/types\/page"}],"author":[{"embeddable":true,"href":"https:\/\/www.boyquel.com\/en\/wp-json\/wp\/v2\/users\/1"}],"replies":[{"embeddable":true,"href":"https:\/\/www.boyquel.com\/en\/wp-json\/wp\/v2\/comments?post=2149"}],"version-history":[{"count":1,"href":"https:\/\/www.boyquel.com\/en\/wp-json\/wp\/v2\/pages\/2149\/revisions"}],"predecessor-version":[{"id":2150,"href":"https:\/\/www.boyquel.com\/en\/wp-json\/wp\/v2\/pages\/2149\/revisions\/2150"}],"wp:attachment":[{"href":"https:\/\/www.boyquel.com\/en\/wp-json\/wp\/v2\/media?parent=2149"}],"curies":[{"name":"wp","href":"https:\/\/api.w.org\/{rel}","templated":true}]}}